{"id":1734,"date":"2025-10-22T22:53:25","date_gmt":"2025-10-22T22:53:25","guid":{"rendered":"https:\/\/awagraz.org\/?page_id=1734"},"modified":"2025-12-10T00:58:11","modified_gmt":"2025-12-09T23:58:11","slug":"strukturbegleitung","status":"publish","type":"page","link":"https:\/\/awagraz.org\/en\/was-wir-tun\/strukturbegleitung\/","title":{"rendered":"Structure monitoring"},"content":{"rendered":"<p>Effective awareness work and sustainable preventive measures require an awareness structure. This involves a tailored concept with clearly defined responsibilities and processes, along with a designated contact point.&nbsp;<\/p>\n\n\n\n<p>We are happy to support initiatives in building such a structure. This includes an initial conversation to discuss the process together in an individual way, followed by one or more workshops and guidance in developing the concept.\u00a0<\/p>\n\n\n\n<p>In the past, we also offered a funding-covered awareness structure development workshop for several initiatives at the same time, which marked the beginning of such a support process. At present, a repeat of this workshop is not planned. However, you are welcome to let us know of your interest\u2014if there is sufficient interest from initiatives again, we could imagine offering it another time.&nbsp;<\/p>\n\n\n\n<h2 class=\"wp-block-heading\">Costs &amp; Contact<\/h2>\n\n\n\n<p>We scale the costs for structural support depending on intensity and context. We distinguish between funded and institutionalized projects\/groups\/initiatives, independent groups, and solidarity-based or primarily volunteer-run and unfunded projects\/groups\/initiatives.<\/p>\n\n\n\n<p>Please let us know about your interest via the general <a href=\"https:\/\/awagraz.org\/en\/ueber-uns\/kontakt\/\" data-type=\"page\" data-id=\"1604\">contact form<\/a> or by email.\u00a0<\/p>","protected":false},"excerpt":{"rendered":"<p>Um qualitative Awareness-Arbeit leisten und nachhaltige pr\u00e4ventive Ma\u00dfnahmen etablieren zu k\u00f6nnen, ist eine Awareness Struktur notwendig. Das bedeutet unter anderem ein individuell ausgearbeitetes Konzept mit klar definierten Verantwortlichkeiten und Prozessen [&hellip;]<\/p>","protected":false},"author":5,"featured_media":0,"parent":1598,"menu_order":0,"comment_status":"closed","ping_status":"closed","template":"","meta":{"_eb_attr":"","site-sidebar-layout":"default","site-content-layout":"","ast-site-content-layout":"default","site-content-style":"default","site-sidebar-style":"default","ast-global-header-display":"","ast-banner-title-visibility":"","ast-main-header-display":"","ast-hfb-above-header-display":"","ast-hfb-below-header-display":"","ast-hfb-mobile-header-display":"","site-post-title":"","ast-breadcrumbs-content":"","ast-featured-img":"","footer-sml-layout":"","ast-disable-related-posts":"","theme-transparent-header-meta":"","adv-header-id-meta":"","stick-header-meta":"","header-above-stick-meta":"","header-main-stick-meta":"","header-below-stick-meta":"","astra-migrate-meta-layouts":"default","ast-page-background-enabled":"default","ast-page-background-meta":{"desktop":{"background-color":"var(--ast-global-color-4)","background-image":"","background-repeat":"repeat","background-position":"center center","background-size":"auto","background-attachment":"scroll","background-type":"","background-media":"","overlay-type":"","overlay-color":"","overlay-opacity":"","overlay-gradient":""},"tablet":{"background-color":"","background-image":"","background-repeat":"repeat","background-position":"center center","background-size":"auto","background-attachment":"scroll","background-type":"","background-media":"","overlay-type":"","overlay-color":"","overlay-opacity":"","overlay-gradient":""},"mobile":{"background-color":"","background-image":"","background-repeat":"repeat","background-position":"center center","background-size":"auto","background-attachment":"scroll","background-type":"","background-media":"","overlay-type":"","overlay-color":"","overlay-opacity":"","overlay-gradient":""}},"ast-content-background-meta":{"desktop":{"background-color":"var(--ast-global-color-5)","background-image":"","background-repeat":"repeat","background-position":"center center","background-size":"auto","background-attachment":"scroll","background-type":"","background-media":"","overlay-type":"","overlay-color":"","overlay-opacity":"","overlay-gradient":""},"tablet":{"background-color":"var(--ast-global-color-5)","background-image":"","background-repeat":"repeat","background-position":"center center","background-size":"auto","background-attachment":"scroll","background-type":"","background-media":"","overlay-type":"","overlay-color":"","overlay-opacity":"","overlay-gradient":""},"mobile":{"background-color":"var(--ast-global-color-5)","background-image":"","background-repeat":"repeat","background-position":"center center","background-size":"auto","background-attachment":"scroll","background-type":"","background-media":"","overlay-type":"","overlay-color":"","overlay-opacity":"","overlay-gradient":""}},"_EventAllDay":false,"_EventTimezone":"","_EventStartDate":"","_EventEndDate":"","_EventStartDateUTC":"","_EventEndDateUTC":"","_EventShowMap":false,"_EventShowMapLink":false,"_EventURL":"","_EventCost":"","_EventCostDescription":"","_EventCurrencySymbol":"","_EventCurrencyCode":"","_EventCurrencyPosition":"","_EventDateTimeSeparator":"","_EventTimeRangeSeparator":"","_EventOrganizerID":[],"_EventVenueID":[],"_OrganizerEmail":"","_OrganizerPhone":"","_OrganizerWebsite":"","_VenueAddress":"","_VenueCity":"","_VenueCountry":"","_VenueProvince":"","_VenueState":"","_VenueZip":"","_VenuePhone":"","_VenueURL":"","_VenueStateProvince":"","_VenueLat":"","_VenueLng":"","_VenueShowMap":false,"_VenueShowMapLink":false,"footnotes":""},"class_list":["post-1734","page","type-page","status-publish","hentry"],"yoast_head":"<!-- This site is optimized with the Yoast SEO plugin v27.2 - https:\/\/yoast.com\/product\/yoast-seo-wordpress\/ -->\n<title>Strukturbegleitung - awaGraz<\/title>\n<meta name=\"robots\" content=\"index, follow, max-snippet:-1, max-image-preview:large, max-video-preview:-1\" \/>\n<link rel=\"canonical\" href=\"https:\/\/awagraz.org\/en\/was-wir-tun\/strukturbegleitung\/\" \/>\n<meta property=\"og:locale\" content=\"en_US\" \/>\n<meta property=\"og:type\" content=\"article\" \/>\n<meta property=\"og:title\" content=\"Strukturbegleitung - awaGraz\" \/>\n<meta property=\"og:description\" content=\"Um qualitative Awareness-Arbeit leisten und nachhaltige pr\u00e4ventive Ma\u00dfnahmen etablieren zu k\u00f6nnen, ist eine Awareness Struktur notwendig. Das bedeutet unter anderem ein individuell ausgearbeitetes Konzept mit klar definierten Verantwortlichkeiten und Prozessen [&hellip;]\" \/>\n<meta property=\"og:url\" content=\"https:\/\/awagraz.org\/en\/was-wir-tun\/strukturbegleitung\/\" \/>\n<meta property=\"og:site_name\" content=\"awaGraz\" \/>\n<meta property=\"article:modified_time\" content=\"2025-12-09T23:58:11+00:00\" \/>\n<meta property=\"og:image\" content=\"https:\/\/awagraz.org\/wp-content\/uploads\/2026\/01\/awaGraz_Logo_bgPic.jpg\" \/>\n\t<meta property=\"og:image:width\" content=\"1920\" \/>\n\t<meta property=\"og:image:height\" content=\"1080\" \/>\n\t<meta property=\"og:image:type\" content=\"image\/jpeg\" \/>\n<meta name=\"twitter:card\" content=\"summary_large_image\" \/>\n<meta name=\"twitter:label1\" content=\"Est. reading time\" \/>\n\t<meta name=\"twitter:data1\" content=\"1 minute\" \/>\n<script type=\"application\/ld+json\" class=\"yoast-schema-graph\">{\"@context\":\"https:\/\/schema.org\",\"@graph\":[{\"@type\":\"WebPage\",\"@id\":\"https:\/\/awagraz.org\/was-wir-tun\/strukturbegleitung\/\",\"url\":\"https:\/\/awagraz.org\/was-wir-tun\/strukturbegleitung\/\",\"name\":\"Strukturbegleitung - awaGraz\",\"isPartOf\":{\"@id\":\"https:\/\/awagraz.org\/#website\"},\"datePublished\":\"2025-10-22T22:53:25+00:00\",\"dateModified\":\"2025-12-09T23:58:11+00:00\",\"breadcrumb\":{\"@id\":\"https:\/\/awagraz.org\/was-wir-tun\/strukturbegleitung\/#breadcrumb\"},\"inLanguage\":\"en-US\",\"potentialAction\":[{\"@type\":\"ReadAction\",\"target\":[\"https:\/\/awagraz.org\/was-wir-tun\/strukturbegleitung\/\"]}]},{\"@type\":\"BreadcrumbList\",\"@id\":\"https:\/\/awagraz.org\/was-wir-tun\/strukturbegleitung\/#breadcrumb\",\"itemListElement\":[{\"@type\":\"ListItem\",\"position\":1,\"name\":\"Startseite\",\"item\":\"https:\/\/awagraz.org\/\"},{\"@type\":\"ListItem\",\"position\":2,\"name\":\"Was wir tun\",\"item\":\"https:\/\/awagraz.org\/was-wir-tun\/\"},{\"@type\":\"ListItem\",\"position\":3,\"name\":\"Strukturbegleitung\"}]},{\"@type\":\"WebSite\",\"@id\":\"https:\/\/awagraz.org\/#website\",\"url\":\"https:\/\/awagraz.org\/\",\"name\":\"awaGraz\",\"description\":\"Verein f\u00fcr Awareness-Arbeit\",\"publisher\":{\"@id\":\"https:\/\/awagraz.org\/#organization\"},\"potentialAction\":[{\"@type\":\"SearchAction\",\"target\":{\"@type\":\"EntryPoint\",\"urlTemplate\":\"https:\/\/awagraz.org\/?s={search_term_string}\"},\"query-input\":{\"@type\":\"PropertyValueSpecification\",\"valueRequired\":true,\"valueName\":\"search_term_string\"}}],\"inLanguage\":\"en-US\"},{\"@type\":\"Organization\",\"@id\":\"https:\/\/awagraz.org\/#organization\",\"name\":\"awaGraz - Verein f\u00fcr Awarenessarbeit\",\"url\":\"https:\/\/awagraz.org\/\",\"logo\":{\"@type\":\"ImageObject\",\"inLanguage\":\"en-US\",\"@id\":\"https:\/\/awagraz.org\/#\/schema\/logo\/image\/\",\"url\":\"https:\/\/awagraz.org\/wp-content\/uploads\/2024\/01\/cropped-awaGraz_Wortmarke_schwarz-1.png\",\"contentUrl\":\"https:\/\/awagraz.org\/wp-content\/uploads\/2024\/01\/cropped-awaGraz_Wortmarke_schwarz-1.png\",\"width\":898,\"height\":122,\"caption\":\"awaGraz - Verein f\u00fcr Awarenessarbeit\"},\"image\":{\"@id\":\"https:\/\/awagraz.org\/#\/schema\/logo\/image\/\"},\"sameAs\":[\"https:\/\/www.instagram.com\/awa_graz\/\"]}]}<\/script>\n<!-- \/ Yoast SEO plugin. -->","yoast_head_json":{"title":"Strukturbegleitung - awaGraz","robots":{"index":"index","follow":"follow","max-snippet":"max-snippet:-1","max-image-preview":"max-image-preview:large","max-video-preview":"max-video-preview:-1"},"canonical":"https:\/\/awagraz.org\/en\/was-wir-tun\/strukturbegleitung\/","og_locale":"en_US","og_type":"article","og_title":"Strukturbegleitung - awaGraz","og_description":"Um qualitative Awareness-Arbeit leisten und nachhaltige pr\u00e4ventive Ma\u00dfnahmen etablieren zu k\u00f6nnen, ist eine Awareness Struktur notwendig. Das bedeutet unter anderem ein individuell ausgearbeitetes Konzept mit klar definierten Verantwortlichkeiten und Prozessen [&hellip;]","og_url":"https:\/\/awagraz.org\/en\/was-wir-tun\/strukturbegleitung\/","og_site_name":"awaGraz","article_modified_time":"2025-12-09T23:58:11+00:00","og_image":[{"width":1920,"height":1080,"url":"https:\/\/awagraz.org\/wp-content\/uploads\/2026\/01\/awaGraz_Logo_bgPic.jpg","type":"image\/jpeg"}],"twitter_card":"summary_large_image","twitter_misc":{"Est. reading time":"1 minute"},"schema":{"@context":"https:\/\/schema.org","@graph":[{"@type":"WebPage","@id":"https:\/\/awagraz.org\/was-wir-tun\/strukturbegleitung\/","url":"https:\/\/awagraz.org\/was-wir-tun\/strukturbegleitung\/","name":"Strukturbegleitung - awaGraz","isPartOf":{"@id":"https:\/\/awagraz.org\/#website"},"datePublished":"2025-10-22T22:53:25+00:00","dateModified":"2025-12-09T23:58:11+00:00","breadcrumb":{"@id":"https:\/\/awagraz.org\/was-wir-tun\/strukturbegleitung\/#breadcrumb"},"inLanguage":"en-US","potentialAction":[{"@type":"ReadAction","target":["https:\/\/awagraz.org\/was-wir-tun\/strukturbegleitung\/"]}]},{"@type":"BreadcrumbList","@id":"https:\/\/awagraz.org\/was-wir-tun\/strukturbegleitung\/#breadcrumb","itemListElement":[{"@type":"ListItem","position":1,"name":"Startseite","item":"https:\/\/awagraz.org\/"},{"@type":"ListItem","position":2,"name":"Was wir tun","item":"https:\/\/awagraz.org\/was-wir-tun\/"},{"@type":"ListItem","position":3,"name":"Strukturbegleitung"}]},{"@type":"WebSite","@id":"https:\/\/awagraz.org\/#website","url":"https:\/\/awagraz.org\/","name":"awaGraz","description":"Verein f\u00fcr Awareness-Arbeit","publisher":{"@id":"https:\/\/awagraz.org\/#organization"},"potentialAction":[{"@type":"SearchAction","target":{"@type":"EntryPoint","urlTemplate":"https:\/\/awagraz.org\/?s={search_term_string}"},"query-input":{"@type":"PropertyValueSpecification","valueRequired":true,"valueName":"search_term_string"}}],"inLanguage":"en-US"},{"@type":"Organization","@id":"https:\/\/awagraz.org\/#organization","name":"awaGraz - Verein f\u00fcr Awarenessarbeit","url":"https:\/\/awagraz.org\/","logo":{"@type":"ImageObject","inLanguage":"en-US","@id":"https:\/\/awagraz.org\/#\/schema\/logo\/image\/","url":"https:\/\/awagraz.org\/wp-content\/uploads\/2024\/01\/cropped-awaGraz_Wortmarke_schwarz-1.png","contentUrl":"https:\/\/awagraz.org\/wp-content\/uploads\/2024\/01\/cropped-awaGraz_Wortmarke_schwarz-1.png","width":898,"height":122,"caption":"awaGraz - Verein f\u00fcr Awarenessarbeit"},"image":{"@id":"https:\/\/awagraz.org\/#\/schema\/logo\/image\/"},"sameAs":["https:\/\/www.instagram.com\/awa_graz\/"]}]}},"_links":{"self":[{"href":"https:\/\/awagraz.org\/en\/wp-json\/wp\/v2\/pages\/1734","targetHints":{"allow":["GET"]}}],"collection":[{"href":"https:\/\/awagraz.org\/en\/wp-json\/wp\/v2\/pages"}],"about":[{"href":"https:\/\/awagraz.org\/en\/wp-json\/wp\/v2\/types\/page"}],"author":[{"embeddable":true,"href":"https:\/\/awagraz.org\/en\/wp-json\/wp\/v2\/users\/5"}],"replies":[{"embeddable":true,"href":"https:\/\/awagraz.org\/en\/wp-json\/wp\/v2\/comments?post=1734"}],"version-history":[{"count":3,"href":"https:\/\/awagraz.org\/en\/wp-json\/wp\/v2\/pages\/1734\/revisions"}],"predecessor-version":[{"id":1995,"href":"https:\/\/awagraz.org\/en\/wp-json\/wp\/v2\/pages\/1734\/revisions\/1995"}],"up":[{"embeddable":true,"href":"https:\/\/awagraz.org\/en\/wp-json\/wp\/v2\/pages\/1598"}],"wp:attachment":[{"href":"https:\/\/awagraz.org\/en\/wp-json\/wp\/v2\/media?parent=1734"}],"curies":[{"name":"wp","href":"https:\/\/api.w.org\/{rel}","templated":true}]}}