{"id":1716,"date":"2025-10-22T22:09:02","date_gmt":"2025-10-22T22:09:02","guid":{"rendered":"https:\/\/awagraz.org\/?page_id=1716"},"modified":"2025-12-12T02:38:42","modified_gmt":"2025-12-12T01:38:42","slug":"wer-wir-sind","status":"publish","type":"page","link":"https:\/\/awagraz.org\/en\/ueber-uns\/wer-wir-sind\/","title":{"rendered":"Who we are"},"content":{"rendered":"<p>awaGraz is a non-profit organization founded in 2023, dedicated to awareness work in Graz. Our stance is shaped by an active engagement with the fact that exclusion, assaults, boundary violations, and (sexualized) violence are part of everyday reality. We refuse to accept this and aim to collectively carry our values and approaches into the wider community.<\/p>\n\n\n\n<p>Our core team consists of more than 10 people who all contribute on a purely voluntary basis in various areas. In addition, awaGraz already has over 50 further members who, among other things, have taken part in the <a href=\"https:\/\/awagraz.org\/en\/was-wir-tun\/workshops\/\" data-type=\"page\" data-id=\"1732\">Awareness basics for shift teams<\/a> workshop and, depending on their availability, take on awareness shifts at events supported by awaGraz.<\/p>\n\n\n\n<p>We aim to embody internally the values we represent publicly. The core team operates through participatory, grassroots democratic structures, with collective decision-making in plenums. We also seek to engage with one another in a discrimination-aware manner and never stop questioning our power dynamics and privileges.<\/p>\n\n\n\n<figure class=\"wp-block-image aligncenter size-full is-resized animated swing o-anim-hover wp-duotone-rgb179147192-rgb000-1\"><img decoding=\"async\" src=\"https:\/\/awagraz.org\/wp-content\/uploads\/2025\/10\/awaGraz_Maskottchen_Sternchen.svg\" alt=\"\" class=\"wp-image-1618\" style=\"width:auto;height:500px\"\/><\/figure>","protected":false},"excerpt":{"rendered":"<p>Wir sind awaGraz &#8211; ein 2023 gegr\u00fcndeter gemeinn\u00fctziger Verein f\u00fcr Awarenessarbeit in Graz. Unsere Haltung orientiert sich grunds\u00e4tzlich an der aktiven Auseinandersetzung mit der Tatsache, dass Ausgrenzung, \u00dcbergriffe, Grenzverletzungen und [&hellip;]<\/p>","protected":false},"author":5,"featured_media":0,"parent":1710,"menu_order":0,"comment_status":"closed","ping_status":"closed","template":"","meta":{"_eb_attr":"","site-sidebar-layout":"default","site-content-layout":"","ast-site-content-layout":"default","site-content-style":"default","site-sidebar-style":"default","ast-global-header-display":"","ast-banner-title-visibility":"","ast-main-header-display":"","ast-hfb-above-header-display":"","ast-hfb-below-header-display":"","ast-hfb-mobile-header-display":"","site-post-title":"","ast-breadcrumbs-content":"","ast-featured-img":"","footer-sml-layout":"","ast-disable-related-posts":"","theme-transparent-header-meta":"","adv-header-id-meta":"","stick-header-meta":"","header-above-stick-meta":"","header-main-stick-meta":"","header-below-stick-meta":"","astra-migrate-meta-layouts":"default","ast-page-background-enabled":"default","ast-page-background-meta":{"desktop":{"background-color":"var(--ast-global-color-4)","background-image":"","background-repeat":"repeat","background-position":"center center","background-size":"auto","background-attachment":"scroll","background-type":"","background-media":"","overlay-type":"","overlay-color":"","overlay-opacity":"","overlay-gradient":""},"tablet":{"background-color":"","background-image":"","background-repeat":"repeat","background-position":"center center","background-size":"auto","background-attachment":"scroll","background-type":"","background-media":"","overlay-type":"","overlay-color":"","overlay-opacity":"","overlay-gradient":""},"mobile":{"background-color":"","background-image":"","background-repeat":"repeat","background-position":"center center","background-size":"auto","background-attachment":"scroll","background-type":"","background-media":"","overlay-type":"","overlay-color":"","overlay-opacity":"","overlay-gradient":""}},"ast-content-background-meta":{"desktop":{"background-color":"var(--ast-global-color-5)","background-image":"","background-repeat":"repeat","background-position":"center center","background-size":"auto","background-attachment":"scroll","background-type":"","background-media":"","overlay-type":"","overlay-color":"","overlay-opacity":"","overlay-gradient":""},"tablet":{"background-color":"var(--ast-global-color-5)","background-image":"","background-repeat":"repeat","background-position":"center center","background-size":"auto","background-attachment":"scroll","background-type":"","background-media":"","overlay-type":"","overlay-color":"","overlay-opacity":"","overlay-gradient":""},"mobile":{"background-color":"var(--ast-global-color-5)","background-image":"","background-repeat":"repeat","background-position":"center center","background-size":"auto","background-attachment":"scroll","background-type":"","background-media":"","overlay-type":"","overlay-color":"","overlay-opacity":"","overlay-gradient":""}},"_EventAllDay":false,"_EventTimezone":"","_EventStartDate":"","_EventEndDate":"","_EventStartDateUTC":"","_EventEndDateUTC":"","_EventShowMap":false,"_EventShowMapLink":false,"_EventURL":"","_EventCost":"","_EventCostDescription":"","_EventCurrencySymbol":"","_EventCurrencyCode":"","_EventCurrencyPosition":"","_EventDateTimeSeparator":"","_EventTimeRangeSeparator":"","_EventOrganizerID":[],"_EventVenueID":[],"_OrganizerEmail":"","_OrganizerPhone":"","_OrganizerWebsite":"","_VenueAddress":"","_VenueCity":"","_VenueCountry":"","_VenueProvince":"","_VenueState":"","_VenueZip":"","_VenuePhone":"","_VenueURL":"","_VenueStateProvince":"","_VenueLat":"","_VenueLng":"","_VenueShowMap":false,"_VenueShowMapLink":false,"footnotes":""},"class_list":["post-1716","page","type-page","status-publish","hentry"],"yoast_head":"<!-- This site is optimized with the Yoast SEO plugin v27.2 - https:\/\/yoast.com\/product\/yoast-seo-wordpress\/ -->\n<title>Wer wir sind - awaGraz<\/title>\n<meta name=\"robots\" content=\"index, follow, max-snippet:-1, max-image-preview:large, max-video-preview:-1\" \/>\n<link rel=\"canonical\" href=\"https:\/\/awagraz.org\/en\/ueber-uns\/wer-wir-sind\/\" \/>\n<meta property=\"og:locale\" content=\"en_US\" \/>\n<meta property=\"og:type\" content=\"article\" \/>\n<meta property=\"og:title\" content=\"Wer wir sind - awaGraz\" \/>\n<meta property=\"og:description\" content=\"Wir sind awaGraz &#8211; ein 2023 gegr\u00fcndeter gemeinn\u00fctziger Verein f\u00fcr Awarenessarbeit in Graz. Unsere Haltung orientiert sich grunds\u00e4tzlich an der aktiven Auseinandersetzung mit der Tatsache, dass Ausgrenzung, \u00dcbergriffe, Grenzverletzungen und [&hellip;]\" \/>\n<meta property=\"og:url\" content=\"https:\/\/awagraz.org\/en\/ueber-uns\/wer-wir-sind\/\" \/>\n<meta property=\"og:site_name\" content=\"awaGraz\" \/>\n<meta property=\"article:modified_time\" content=\"2025-12-12T01:38:42+00:00\" \/>\n<meta property=\"og:image\" content=\"https:\/\/awagraz.org\/wp-content\/uploads\/2026\/01\/awaGraz_Logo_bgPic.jpg\" \/>\n\t<meta property=\"og:image:width\" content=\"1920\" \/>\n\t<meta property=\"og:image:height\" content=\"1080\" \/>\n\t<meta property=\"og:image:type\" content=\"image\/jpeg\" \/>\n<meta name=\"twitter:card\" content=\"summary_large_image\" \/>\n<meta name=\"twitter:label1\" content=\"Est. reading time\" \/>\n\t<meta name=\"twitter:data1\" content=\"1 minute\" \/>\n<script type=\"application\/ld+json\" class=\"yoast-schema-graph\">{\"@context\":\"https:\/\/schema.org\",\"@graph\":[{\"@type\":\"WebPage\",\"@id\":\"https:\/\/awagraz.org\/ueber-uns\/wer-wir-sind\/\",\"url\":\"https:\/\/awagraz.org\/ueber-uns\/wer-wir-sind\/\",\"name\":\"Wer wir sind - awaGraz\",\"isPartOf\":{\"@id\":\"https:\/\/awagraz.org\/#website\"},\"primaryImageOfPage\":{\"@id\":\"https:\/\/awagraz.org\/ueber-uns\/wer-wir-sind\/#primaryimage\"},\"image\":{\"@id\":\"https:\/\/awagraz.org\/ueber-uns\/wer-wir-sind\/#primaryimage\"},\"thumbnailUrl\":\"https:\/\/awagraz.org\/wp-content\/uploads\/2025\/10\/awaGraz_Maskottchen_Sternchen.svg\",\"datePublished\":\"2025-10-22T22:09:02+00:00\",\"dateModified\":\"2025-12-12T01:38:42+00:00\",\"breadcrumb\":{\"@id\":\"https:\/\/awagraz.org\/ueber-uns\/wer-wir-sind\/#breadcrumb\"},\"inLanguage\":\"en-US\",\"potentialAction\":[{\"@type\":\"ReadAction\",\"target\":[\"https:\/\/awagraz.org\/ueber-uns\/wer-wir-sind\/\"]}]},{\"@type\":\"ImageObject\",\"inLanguage\":\"en-US\",\"@id\":\"https:\/\/awagraz.org\/ueber-uns\/wer-wir-sind\/#primaryimage\",\"url\":\"https:\/\/awagraz.org\/wp-content\/uploads\/2025\/10\/awaGraz_Maskottchen_Sternchen.svg\",\"contentUrl\":\"https:\/\/awagraz.org\/wp-content\/uploads\/2025\/10\/awaGraz_Maskottchen_Sternchen.svg\"},{\"@type\":\"BreadcrumbList\",\"@id\":\"https:\/\/awagraz.org\/ueber-uns\/wer-wir-sind\/#breadcrumb\",\"itemListElement\":[{\"@type\":\"ListItem\",\"position\":1,\"name\":\"Startseite\",\"item\":\"https:\/\/awagraz.org\/\"},{\"@type\":\"ListItem\",\"position\":2,\"name\":\"\u00dcber Uns\",\"item\":\"https:\/\/awagraz.org\/ueber-uns\/\"},{\"@type\":\"ListItem\",\"position\":3,\"name\":\"Wer wir sind\"}]},{\"@type\":\"WebSite\",\"@id\":\"https:\/\/awagraz.org\/#website\",\"url\":\"https:\/\/awagraz.org\/\",\"name\":\"awaGraz\",\"description\":\"Verein f\u00fcr Awareness-Arbeit\",\"publisher\":{\"@id\":\"https:\/\/awagraz.org\/#organization\"},\"potentialAction\":[{\"@type\":\"SearchAction\",\"target\":{\"@type\":\"EntryPoint\",\"urlTemplate\":\"https:\/\/awagraz.org\/?s={search_term_string}\"},\"query-input\":{\"@type\":\"PropertyValueSpecification\",\"valueRequired\":true,\"valueName\":\"search_term_string\"}}],\"inLanguage\":\"en-US\"},{\"@type\":\"Organization\",\"@id\":\"https:\/\/awagraz.org\/#organization\",\"name\":\"awaGraz - Verein f\u00fcr Awarenessarbeit\",\"url\":\"https:\/\/awagraz.org\/\",\"logo\":{\"@type\":\"ImageObject\",\"inLanguage\":\"en-US\",\"@id\":\"https:\/\/awagraz.org\/#\/schema\/logo\/image\/\",\"url\":\"https:\/\/awagraz.org\/wp-content\/uploads\/2024\/01\/cropped-awaGraz_Wortmarke_schwarz-1.png\",\"contentUrl\":\"https:\/\/awagraz.org\/wp-content\/uploads\/2024\/01\/cropped-awaGraz_Wortmarke_schwarz-1.png\",\"width\":898,\"height\":122,\"caption\":\"awaGraz - Verein f\u00fcr Awarenessarbeit\"},\"image\":{\"@id\":\"https:\/\/awagraz.org\/#\/schema\/logo\/image\/\"},\"sameAs\":[\"https:\/\/www.instagram.com\/awa_graz\/\"]}]}<\/script>\n<!-- \/ Yoast SEO plugin. -->","yoast_head_json":{"title":"Wer wir sind - awaGraz","robots":{"index":"index","follow":"follow","max-snippet":"max-snippet:-1","max-image-preview":"max-image-preview:large","max-video-preview":"max-video-preview:-1"},"canonical":"https:\/\/awagraz.org\/en\/ueber-uns\/wer-wir-sind\/","og_locale":"en_US","og_type":"article","og_title":"Wer wir sind - awaGraz","og_description":"Wir sind awaGraz &#8211; ein 2023 gegr\u00fcndeter gemeinn\u00fctziger Verein f\u00fcr Awarenessarbeit in Graz. Unsere Haltung orientiert sich grunds\u00e4tzlich an der aktiven Auseinandersetzung mit der Tatsache, dass Ausgrenzung, \u00dcbergriffe, Grenzverletzungen und [&hellip;]","og_url":"https:\/\/awagraz.org\/en\/ueber-uns\/wer-wir-sind\/","og_site_name":"awaGraz","article_modified_time":"2025-12-12T01:38:42+00:00","og_image":[{"width":1920,"height":1080,"url":"https:\/\/awagraz.org\/wp-content\/uploads\/2026\/01\/awaGraz_Logo_bgPic.jpg","type":"image\/jpeg"}],"twitter_card":"summary_large_image","twitter_misc":{"Est. reading time":"1 minute"},"schema":{"@context":"https:\/\/schema.org","@graph":[{"@type":"WebPage","@id":"https:\/\/awagraz.org\/ueber-uns\/wer-wir-sind\/","url":"https:\/\/awagraz.org\/ueber-uns\/wer-wir-sind\/","name":"Wer wir sind - awaGraz","isPartOf":{"@id":"https:\/\/awagraz.org\/#website"},"primaryImageOfPage":{"@id":"https:\/\/awagraz.org\/ueber-uns\/wer-wir-sind\/#primaryimage"},"image":{"@id":"https:\/\/awagraz.org\/ueber-uns\/wer-wir-sind\/#primaryimage"},"thumbnailUrl":"https:\/\/awagraz.org\/wp-content\/uploads\/2025\/10\/awaGraz_Maskottchen_Sternchen.svg","datePublished":"2025-10-22T22:09:02+00:00","dateModified":"2025-12-12T01:38:42+00:00","breadcrumb":{"@id":"https:\/\/awagraz.org\/ueber-uns\/wer-wir-sind\/#breadcrumb"},"inLanguage":"en-US","potentialAction":[{"@type":"ReadAction","target":["https:\/\/awagraz.org\/ueber-uns\/wer-wir-sind\/"]}]},{"@type":"ImageObject","inLanguage":"en-US","@id":"https:\/\/awagraz.org\/ueber-uns\/wer-wir-sind\/#primaryimage","url":"https:\/\/awagraz.org\/wp-content\/uploads\/2025\/10\/awaGraz_Maskottchen_Sternchen.svg","contentUrl":"https:\/\/awagraz.org\/wp-content\/uploads\/2025\/10\/awaGraz_Maskottchen_Sternchen.svg"},{"@type":"BreadcrumbList","@id":"https:\/\/awagraz.org\/ueber-uns\/wer-wir-sind\/#breadcrumb","itemListElement":[{"@type":"ListItem","position":1,"name":"Startseite","item":"https:\/\/awagraz.org\/"},{"@type":"ListItem","position":2,"name":"\u00dcber Uns","item":"https:\/\/awagraz.org\/ueber-uns\/"},{"@type":"ListItem","position":3,"name":"Wer wir sind"}]},{"@type":"WebSite","@id":"https:\/\/awagraz.org\/#website","url":"https:\/\/awagraz.org\/","name":"awaGraz","description":"Verein f\u00fcr Awareness-Arbeit","publisher":{"@id":"https:\/\/awagraz.org\/#organization"},"potentialAction":[{"@type":"SearchAction","target":{"@type":"EntryPoint","urlTemplate":"https:\/\/awagraz.org\/?s={search_term_string}"},"query-input":{"@type":"PropertyValueSpecification","valueRequired":true,"valueName":"search_term_string"}}],"inLanguage":"en-US"},{"@type":"Organization","@id":"https:\/\/awagraz.org\/#organization","name":"awaGraz - Verein f\u00fcr Awarenessarbeit","url":"https:\/\/awagraz.org\/","logo":{"@type":"ImageObject","inLanguage":"en-US","@id":"https:\/\/awagraz.org\/#\/schema\/logo\/image\/","url":"https:\/\/awagraz.org\/wp-content\/uploads\/2024\/01\/cropped-awaGraz_Wortmarke_schwarz-1.png","contentUrl":"https:\/\/awagraz.org\/wp-content\/uploads\/2024\/01\/cropped-awaGraz_Wortmarke_schwarz-1.png","width":898,"height":122,"caption":"awaGraz - Verein f\u00fcr Awarenessarbeit"},"image":{"@id":"https:\/\/awagraz.org\/#\/schema\/logo\/image\/"},"sameAs":["https:\/\/www.instagram.com\/awa_graz\/"]}]}},"_links":{"self":[{"href":"https:\/\/awagraz.org\/en\/wp-json\/wp\/v2\/pages\/1716","targetHints":{"allow":["GET"]}}],"collection":[{"href":"https:\/\/awagraz.org\/en\/wp-json\/wp\/v2\/pages"}],"about":[{"href":"https:\/\/awagraz.org\/en\/wp-json\/wp\/v2\/types\/page"}],"author":[{"embeddable":true,"href":"https:\/\/awagraz.org\/en\/wp-json\/wp\/v2\/users\/5"}],"replies":[{"embeddable":true,"href":"https:\/\/awagraz.org\/en\/wp-json\/wp\/v2\/comments?post=1716"}],"version-history":[{"count":7,"href":"https:\/\/awagraz.org\/en\/wp-json\/wp\/v2\/pages\/1716\/revisions"}],"predecessor-version":[{"id":2361,"href":"https:\/\/awagraz.org\/en\/wp-json\/wp\/v2\/pages\/1716\/revisions\/2361"}],"up":[{"embeddable":true,"href":"https:\/\/awagraz.org\/en\/wp-json\/wp\/v2\/pages\/1710"}],"wp:attachment":[{"href":"https:\/\/awagraz.org\/en\/wp-json\/wp\/v2\/media?parent=1716"}],"curies":[{"name":"wp","href":"https:\/\/api.w.org\/{rel}","templated":true}]}}