{"id":1598,"date":"2025-10-06T17:41:11","date_gmt":"2025-10-06T17:41:11","guid":{"rendered":"https:\/\/awagraz.org\/?page_id=1598"},"modified":"2025-12-13T23:52:42","modified_gmt":"2025-12-13T22:52:42","slug":"was-wir-tun","status":"publish","type":"page","link":"https:\/\/awagraz.org\/en\/was-wir-tun\/","title":{"rendered":"What we do"},"content":{"rendered":"<h1 class=\"wp-block-heading\">Educational Work<\/h1>\n\n\n\n<p>awaGraz strives to raise awareness for largely discrimination-free ways of interacting with one another. This is done through press work, social media and (poster) campaigns, presence and informational conversations at events, and not least through holding workshops. awaGraz offers various workshops focused on awareness and anti-discrimination.<\/p>\n\n\n\n<h2 class=\"wp-block-heading\">Workshops<\/h2>\n\n\n\n<div class=\"wp-block-ultimate-post-row ultp-block-be1924\"><div class=\"ultp-row-wrapper\"><div class=\"ultp-row-content\">\n<div class=\"wp-block-ultimate-post-column ultp-block-7115a4\"><div class=\"ultp-column-wrapper\">\n<div class=\"wp-block-essential-blocks-infobox  root-eb-infobox-3x17v\"><div class=\"eb-parent-wrapper eb-parent-eb-infobox-3x17v\"><div class=\"eb-infobox-3x17v eb-infobox-wrapper\" data-clickable=\"true\" data-href=\"\/was-wir-tun\/workshops#basics\" data-target=\"_self\"><div class=\"infobox-wrapper-inner\"><div class=\"contents-wrapper\"><h3 class=\"title\">Awareness basics for shift teams<\/h3><h6 class=\"subtitle\">8h Part1 + 6h Part2<\/h6><p class=\"description\">Workshop for people who would like to do awareness shifts (with awaGraz or externally).<br><br><br><\/p><\/div><\/div><\/div><\/div><\/div>\n<\/div><\/div>\n\n\n\n<div class=\"wp-block-ultimate-post-column ultp-block-3fbaac\"><div class=\"ultp-column-wrapper\">\n<div class=\"wp-block-essential-blocks-infobox  root-eb-infobox-aoyel\"><div class=\"eb-parent-wrapper eb-parent-eb-infobox-aoyel\"><div class=\"eb-infobox-aoyel eb-infobox-wrapper\" data-clickable=\"true\" data-href=\"\/was-wir-tun\/workshops#diskriminierung\" data-target=\"_self\"><div class=\"infobox-wrapper-inner\"><div class=\"contents-wrapper\"><h3 class=\"title\">Sensitivity to Discrimination<\/h3><h6 class=\"subtitle\">4h<\/h6><p class=\"description\">Engaging with different forms of discrimination, how to deal with them, and how to prevent them.<br><\/p><\/div><\/div><\/div><\/div><\/div>\n<\/div><\/div>\n\n\n\n<div class=\"wp-block-ultimate-post-column ultp-block-93a01f\"><div class=\"ultp-column-wrapper\">\n<div class=\"wp-block-essential-blocks-infobox  root-eb-infobox-2leq8\"><div class=\"eb-parent-wrapper eb-parent-eb-infobox-2leq8\"><div class=\"eb-infobox-2leq8 eb-infobox-wrapper\" data-clickable=\"true\" data-href=\"\/was-wir-tun\/workshops#101\" data-target=\"_self\"><div class=\"infobox-wrapper-inner\"><div class=\"contents-wrapper\"><h3 class=\"title\">Awareness 101 for rooms &amp; event organizers<\/h3><h6 class=\"subtitle\">3h<\/h6><p class=\"description\">A brief orientation <br>crash course covering forms of discrimination, the term \u201cawareness,\u201d and associated concepts.<\/p><\/div><\/div><\/div><\/div><\/div>\n<\/div><\/div>\n<\/div><\/div><\/div>\n\n\n\n<div class=\"wp-block-essential-blocks-infobox  root-eb-infobox-ty0ve\"><div class=\"eb-parent-wrapper eb-parent-eb-infobox-ty0ve\"><div class=\"eb-infobox-ty0ve eb-infobox-wrapper\" data-clickable=\"true\" data-href=\"\/was-wir-tun\/workshops#individuell\" data-target=\"_self\"><div class=\"infobox-wrapper-inner\"><div class=\"contents-wrapper\"><h3 class=\"title\">Individual workshops<\/h3><p class=\"description\">We are also happy to offer workshops that are individually tailored to your specific context and initiative. Feel free to contact us.<\/p><\/div><\/div><\/div><\/div><\/div>\n\n\n\n<div style=\"height:100px\" aria-hidden=\"true\" class=\"wp-block-spacer\"><\/div>\n\n\n\n<h2 class=\"wp-block-heading\">Structure monitoring<\/h2>\n\n\n\n<div class=\"wp-block-essential-blocks-infobox  root-eb-infobox-kt47p\"><div class=\"eb-parent-wrapper eb-parent-eb-infobox-kt47p\"><div class=\"eb-infobox-kt47p eb-infobox-wrapper\" data-clickable=\"true\" data-href=\"\/was-wir-tun\/strukturbegleitung\" data-target=\"_self\"><div class=\"infobox-wrapper-inner\"><div class=\"contents-wrapper\"><p class=\"description\">We are happy to support initiatives in building an awareness structure. This includes an initial conversation to discuss the process together on an individual basis, one or more workshops, and guidance in developing a concept.\u00a0<\/p><\/div><\/div><\/div><\/div><\/div>\n\n\n\n<div style=\"height:100px\" aria-hidden=\"true\" class=\"wp-block-spacer\"><\/div>\n\n\n\n<h1 class=\"wp-block-heading\">Event-Support<\/h1>\n\n\n\n<div class=\"wp-block-essential-blocks-infobox  root-eb-infobox-vnuw0\"><div class=\"eb-parent-wrapper eb-parent-eb-infobox-vnuw0\"><div class=\"eb-infobox-vnuw0 eb-infobox-wrapper\" data-clickable=\"true\" data-href=\"\/was-wir-tun\/veranstaltungsbetreuung\" data-target=\"_self\"><div class=\"infobox-wrapper-inner\"><div class=\"contents-wrapper\"><p class=\"description\">Together with initiatives, we develop an event awareness concept and provide on-site support with awareness teams.<\/p><\/div><\/div><\/div><\/div><\/div>","protected":false},"excerpt":{"rendered":"<p>Bildungsarbeit awaGraz bem\u00fcht sich, Bewusstsein f\u00fcr gr\u00f6\u00dftenteils diskriminierungsfreien Umgang miteinander zu schaffen. Das passiert durch Presse-Arbeit, Social Media und (Poster-) Kampagnen, Pr\u00e4senz und Infogespr\u00e4che auf Veranstaltungen, und nicht zuletzt durch [&hellip;]<\/p>","protected":false},"author":5,"featured_media":0,"parent":0,"menu_order":0,"comment_status":"closed","ping_status":"closed","template":"","meta":{"_eb_attr":"","site-sidebar-layout":"default","site-content-layout":"","ast-site-content-layout":"default","site-content-style":"default","site-sidebar-style":"default","ast-global-header-display":"","ast-banner-title-visibility":"","ast-main-header-display":"","ast-hfb-above-header-display":"","ast-hfb-below-header-display":"","ast-hfb-mobile-header-display":"","site-post-title":"","ast-breadcrumbs-content":"","ast-featured-img":"","footer-sml-layout":"","ast-disable-related-posts":"","theme-transparent-header-meta":"","adv-header-id-meta":"","stick-header-meta":"","header-above-stick-meta":"","header-main-stick-meta":"","header-below-stick-meta":"","astra-migrate-meta-layouts":"default","ast-page-background-enabled":"default","ast-page-background-meta":{"desktop":{"background-color":"var(--ast-global-color-4)","background-image":"","background-repeat":"repeat","background-position":"center center","background-size":"auto","background-attachment":"scroll","background-type":"","background-media":"","overlay-type":"","overlay-color":"","overlay-opacity":"","overlay-gradient":""},"tablet":{"background-color":"","background-image":"","background-repeat":"repeat","background-position":"center center","background-size":"auto","background-attachment":"scroll","background-type":"","background-media":"","overlay-type":"","overlay-color":"","overlay-opacity":"","overlay-gradient":""},"mobile":{"background-color":"","background-image":"","background-repeat":"repeat","background-position":"center center","background-size":"auto","background-attachment":"scroll","background-type":"","background-media":"","overlay-type":"","overlay-color":"","overlay-opacity":"","overlay-gradient":""}},"ast-content-background-meta":{"desktop":{"background-color":"var(--ast-global-color-5)","background-image":"","background-repeat":"repeat","background-position":"center center","background-size":"auto","background-attachment":"scroll","background-type":"","background-media":"","overlay-type":"","overlay-color":"","overlay-opacity":"","overlay-gradient":""},"tablet":{"background-color":"var(--ast-global-color-5)","background-image":"","background-repeat":"repeat","background-position":"center center","background-size":"auto","background-attachment":"scroll","background-type":"","background-media":"","overlay-type":"","overlay-color":"","overlay-opacity":"","overlay-gradient":""},"mobile":{"background-color":"var(--ast-global-color-5)","background-image":"","background-repeat":"repeat","background-position":"center center","background-size":"auto","background-attachment":"scroll","background-type":"","background-media":"","overlay-type":"","overlay-color":"","overlay-opacity":"","overlay-gradient":""}},"_EventAllDay":false,"_EventTimezone":"","_EventStartDate":"","_EventEndDate":"","_EventStartDateUTC":"","_EventEndDateUTC":"","_EventShowMap":false,"_EventShowMapLink":false,"_EventURL":"","_EventCost":"","_EventCostDescription":"","_EventCurrencySymbol":"","_EventCurrencyCode":"","_EventCurrencyPosition":"","_EventDateTimeSeparator":"","_EventTimeRangeSeparator":"","_EventOrganizerID":[],"_EventVenueID":[],"_OrganizerEmail":"","_OrganizerPhone":"","_OrganizerWebsite":"","_VenueAddress":"","_VenueCity":"","_VenueCountry":"","_VenueProvince":"","_VenueState":"","_VenueZip":"","_VenuePhone":"","_VenueURL":"","_VenueStateProvince":"","_VenueLat":"","_VenueLng":"","_VenueShowMap":false,"_VenueShowMapLink":false,"footnotes":""},"class_list":["post-1598","page","type-page","status-publish","hentry"],"yoast_head":"<!-- This site is optimized with the Yoast SEO plugin v27.2 - https:\/\/yoast.com\/product\/yoast-seo-wordpress\/ -->\n<title>Was wir tun - awaGraz<\/title>\n<meta name=\"robots\" content=\"index, follow, max-snippet:-1, max-image-preview:large, max-video-preview:-1\" \/>\n<link rel=\"canonical\" href=\"https:\/\/awagraz.org\/en\/was-wir-tun\/\" \/>\n<meta property=\"og:locale\" content=\"en_US\" \/>\n<meta property=\"og:type\" content=\"article\" \/>\n<meta property=\"og:title\" content=\"Was wir tun - awaGraz\" \/>\n<meta property=\"og:description\" content=\"Bildungsarbeit awaGraz bem\u00fcht sich, Bewusstsein f\u00fcr gr\u00f6\u00dftenteils diskriminierungsfreien Umgang miteinander zu schaffen. Das passiert durch Presse-Arbeit, Social Media und (Poster-) Kampagnen, Pr\u00e4senz und Infogespr\u00e4che auf Veranstaltungen, und nicht zuletzt durch [&hellip;]\" \/>\n<meta property=\"og:url\" content=\"https:\/\/awagraz.org\/en\/was-wir-tun\/\" \/>\n<meta property=\"og:site_name\" content=\"awaGraz\" \/>\n<meta property=\"article:modified_time\" content=\"2025-12-13T22:52:42+00:00\" \/>\n<meta property=\"og:image\" content=\"https:\/\/awagraz.org\/wp-content\/uploads\/2026\/01\/awaGraz_Logo_bgPic.jpg\" \/>\n\t<meta property=\"og:image:width\" content=\"1920\" \/>\n\t<meta property=\"og:image:height\" content=\"1080\" \/>\n\t<meta property=\"og:image:type\" content=\"image\/jpeg\" \/>\n<meta name=\"twitter:card\" content=\"summary_large_image\" \/>\n<meta name=\"twitter:label1\" content=\"Est. reading time\" \/>\n\t<meta name=\"twitter:data1\" content=\"1 minute\" \/>\n<script type=\"application\/ld+json\" class=\"yoast-schema-graph\">{\"@context\":\"https:\/\/schema.org\",\"@graph\":[{\"@type\":\"WebPage\",\"@id\":\"https:\/\/awagraz.org\/was-wir-tun\/\",\"url\":\"https:\/\/awagraz.org\/was-wir-tun\/\",\"name\":\"Was wir tun - awaGraz\",\"isPartOf\":{\"@id\":\"https:\/\/awagraz.org\/#website\"},\"datePublished\":\"2025-10-06T17:41:11+00:00\",\"dateModified\":\"2025-12-13T22:52:42+00:00\",\"breadcrumb\":{\"@id\":\"https:\/\/awagraz.org\/was-wir-tun\/#breadcrumb\"},\"inLanguage\":\"en-US\",\"potentialAction\":[{\"@type\":\"ReadAction\",\"target\":[\"https:\/\/awagraz.org\/was-wir-tun\/\"]}]},{\"@type\":\"BreadcrumbList\",\"@id\":\"https:\/\/awagraz.org\/was-wir-tun\/#breadcrumb\",\"itemListElement\":[{\"@type\":\"ListItem\",\"position\":1,\"name\":\"Startseite\",\"item\":\"https:\/\/awagraz.org\/\"},{\"@type\":\"ListItem\",\"position\":2,\"name\":\"Was wir tun\"}]},{\"@type\":\"WebSite\",\"@id\":\"https:\/\/awagraz.org\/#website\",\"url\":\"https:\/\/awagraz.org\/\",\"name\":\"awaGraz\",\"description\":\"Verein f\u00fcr Awareness-Arbeit\",\"publisher\":{\"@id\":\"https:\/\/awagraz.org\/#organization\"},\"potentialAction\":[{\"@type\":\"SearchAction\",\"target\":{\"@type\":\"EntryPoint\",\"urlTemplate\":\"https:\/\/awagraz.org\/?s={search_term_string}\"},\"query-input\":{\"@type\":\"PropertyValueSpecification\",\"valueRequired\":true,\"valueName\":\"search_term_string\"}}],\"inLanguage\":\"en-US\"},{\"@type\":\"Organization\",\"@id\":\"https:\/\/awagraz.org\/#organization\",\"name\":\"awaGraz - Verein f\u00fcr Awarenessarbeit\",\"url\":\"https:\/\/awagraz.org\/\",\"logo\":{\"@type\":\"ImageObject\",\"inLanguage\":\"en-US\",\"@id\":\"https:\/\/awagraz.org\/#\/schema\/logo\/image\/\",\"url\":\"https:\/\/awagraz.org\/wp-content\/uploads\/2024\/01\/cropped-awaGraz_Wortmarke_schwarz-1.png\",\"contentUrl\":\"https:\/\/awagraz.org\/wp-content\/uploads\/2024\/01\/cropped-awaGraz_Wortmarke_schwarz-1.png\",\"width\":898,\"height\":122,\"caption\":\"awaGraz - Verein f\u00fcr Awarenessarbeit\"},\"image\":{\"@id\":\"https:\/\/awagraz.org\/#\/schema\/logo\/image\/\"},\"sameAs\":[\"https:\/\/www.instagram.com\/awa_graz\/\"]}]}<\/script>\n<!-- \/ Yoast SEO plugin. -->","yoast_head_json":{"title":"Was wir tun - awaGraz","robots":{"index":"index","follow":"follow","max-snippet":"max-snippet:-1","max-image-preview":"max-image-preview:large","max-video-preview":"max-video-preview:-1"},"canonical":"https:\/\/awagraz.org\/en\/was-wir-tun\/","og_locale":"en_US","og_type":"article","og_title":"Was wir tun - awaGraz","og_description":"Bildungsarbeit awaGraz bem\u00fcht sich, Bewusstsein f\u00fcr gr\u00f6\u00dftenteils diskriminierungsfreien Umgang miteinander zu schaffen. Das passiert durch Presse-Arbeit, Social Media und (Poster-) Kampagnen, Pr\u00e4senz und Infogespr\u00e4che auf Veranstaltungen, und nicht zuletzt durch [&hellip;]","og_url":"https:\/\/awagraz.org\/en\/was-wir-tun\/","og_site_name":"awaGraz","article_modified_time":"2025-12-13T22:52:42+00:00","og_image":[{"width":1920,"height":1080,"url":"https:\/\/awagraz.org\/wp-content\/uploads\/2026\/01\/awaGraz_Logo_bgPic.jpg","type":"image\/jpeg"}],"twitter_card":"summary_large_image","twitter_misc":{"Est. reading time":"1 minute"},"schema":{"@context":"https:\/\/schema.org","@graph":[{"@type":"WebPage","@id":"https:\/\/awagraz.org\/was-wir-tun\/","url":"https:\/\/awagraz.org\/was-wir-tun\/","name":"Was wir tun - awaGraz","isPartOf":{"@id":"https:\/\/awagraz.org\/#website"},"datePublished":"2025-10-06T17:41:11+00:00","dateModified":"2025-12-13T22:52:42+00:00","breadcrumb":{"@id":"https:\/\/awagraz.org\/was-wir-tun\/#breadcrumb"},"inLanguage":"en-US","potentialAction":[{"@type":"ReadAction","target":["https:\/\/awagraz.org\/was-wir-tun\/"]}]},{"@type":"BreadcrumbList","@id":"https:\/\/awagraz.org\/was-wir-tun\/#breadcrumb","itemListElement":[{"@type":"ListItem","position":1,"name":"Startseite","item":"https:\/\/awagraz.org\/"},{"@type":"ListItem","position":2,"name":"Was wir tun"}]},{"@type":"WebSite","@id":"https:\/\/awagraz.org\/#website","url":"https:\/\/awagraz.org\/","name":"awaGraz","description":"Verein f\u00fcr Awareness-Arbeit","publisher":{"@id":"https:\/\/awagraz.org\/#organization"},"potentialAction":[{"@type":"SearchAction","target":{"@type":"EntryPoint","urlTemplate":"https:\/\/awagraz.org\/?s={search_term_string}"},"query-input":{"@type":"PropertyValueSpecification","valueRequired":true,"valueName":"search_term_string"}}],"inLanguage":"en-US"},{"@type":"Organization","@id":"https:\/\/awagraz.org\/#organization","name":"awaGraz - Verein f\u00fcr Awarenessarbeit","url":"https:\/\/awagraz.org\/","logo":{"@type":"ImageObject","inLanguage":"en-US","@id":"https:\/\/awagraz.org\/#\/schema\/logo\/image\/","url":"https:\/\/awagraz.org\/wp-content\/uploads\/2024\/01\/cropped-awaGraz_Wortmarke_schwarz-1.png","contentUrl":"https:\/\/awagraz.org\/wp-content\/uploads\/2024\/01\/cropped-awaGraz_Wortmarke_schwarz-1.png","width":898,"height":122,"caption":"awaGraz - Verein f\u00fcr Awarenessarbeit"},"image":{"@id":"https:\/\/awagraz.org\/#\/schema\/logo\/image\/"},"sameAs":["https:\/\/www.instagram.com\/awa_graz\/"]}]}},"_links":{"self":[{"href":"https:\/\/awagraz.org\/en\/wp-json\/wp\/v2\/pages\/1598","targetHints":{"allow":["GET"]}}],"collection":[{"href":"https:\/\/awagraz.org\/en\/wp-json\/wp\/v2\/pages"}],"about":[{"href":"https:\/\/awagraz.org\/en\/wp-json\/wp\/v2\/types\/page"}],"author":[{"embeddable":true,"href":"https:\/\/awagraz.org\/en\/wp-json\/wp\/v2\/users\/5"}],"replies":[{"embeddable":true,"href":"https:\/\/awagraz.org\/en\/wp-json\/wp\/v2\/comments?post=1598"}],"version-history":[{"count":69,"href":"https:\/\/awagraz.org\/en\/wp-json\/wp\/v2\/pages\/1598\/revisions"}],"predecessor-version":[{"id":2636,"href":"https:\/\/awagraz.org\/en\/wp-json\/wp\/v2\/pages\/1598\/revisions\/2636"}],"wp:attachment":[{"href":"https:\/\/awagraz.org\/en\/wp-json\/wp\/v2\/media?parent=1598"}],"curies":[{"name":"wp","href":"https:\/\/api.w.org\/{rel}","templated":true}]}}