{"id":1590,"date":"2025-10-06T17:03:56","date_gmt":"2025-10-06T17:03:56","guid":{"rendered":"https:\/\/awagraz.org\/?page_id=1590"},"modified":"2025-12-14T19:04:05","modified_gmt":"2025-12-14T18:04:05","slug":"awagraz","status":"publish","type":"page","link":"https:\/\/awagraz.org\/en\/","title":{"rendered":"awaGraz"},"content":{"rendered":"<div class=\"wp-block-essential-blocks-text blobify  root-eb-text-nknt8\"><div class=\"eb-parent-wrapper eb-parent-eb-text-nknt8\"><div class=\"eb-text-wrapper eb-text-nknt8\" data-id=\"eb-text-nknt8\"><h3 class=\"eb-text\">awaGraz promotes sensitivity to discrimination and mindful interaction through educational work and the support of events.<\/h3><\/div><\/div><\/div>\n\n\n\n<div style=\"height:14px\" aria-hidden=\"true\" class=\"wp-block-spacer\"><\/div>\n\n\n\n\n\n<div class=\"wp-block-essential-blocks-slider  root-eb-slider-29cnk\"><div class=\"eb-parent-wrapper eb-parent-eb-slider-29cnk\"><div class=\"eb-slider-wrapper eb-slider-29cnk\" data-blockid=\"eb-slider-29cnk\" data-version=\"v4\" data-settings=\"eyJhcnJvd3MiOmZhbHNlLCJhZGFwdGl2ZUhlaWdodCI6dHJ1ZSwiYXV0b3BsYXkiOnRydWUsImF1dG9wbGF5U3BlZWQiOjQwMjYsImRvdHMiOmZhbHNlLCJmYWRlIjp0cnVlLCJpbmZpbml0ZSI6dHJ1ZSwicGF1c2VPbkhvdmVyIjp0cnVlLCJzbGlkZXNUb1Nob3ciOjEsInNwZWVkIjo2MzYsInZlcnRpY2FsIjpmYWxzZSwiY3VycmVudFNsaWRlIjowLCJydGwiOmZhbHNlLCJyZXNwb25zaXZlIjpbeyJicmVha3BvaW50IjoxMDI1LCJzZXR0aW5ncyI6eyJzbGlkZXNUb1Nob3ciOjF9fSx7ImJyZWFrcG9pbnQiOjc2Nywic2V0dGluZ3MiOnsic2xpZGVzVG9TaG93IjoxfX1dfQ==\" data-arrownexticon=\"fas fa-arrow-alt-circle-right\" data-arrowprevicon=\"fas fa-arrow-alt-circle-left\" data-lightbox=\"false\"><div class=\"eb-slider-init eb-slider-type-content\"><div class=\"eb-slider-item content-1\" data-src=\"https:\/\/awagraz.org\/wp-content\/uploads\/2025\/12\/empty.png\"><div><img class=\"eb-slider-image\" data-lazy=\"https:\/\/awagraz.org\/wp-content\/uploads\/2025\/12\/empty.png\"\/><\/div><div class=\"eb-slider-content align-left\" data-content-link=\"\" data-content-target=\"_self\"><h3 class=\"eb-slider-title\">For us, awareness means treating one another with attentiveness and care.<\/h3><div class=\"eb-slider-button-wrapper\"><\/div><\/div><\/div><div class=\"eb-slider-item content-1\" data-src=\"https:\/\/awagraz.org\/wp-content\/uploads\/2025\/12\/empty-1.png\"><div><img class=\"eb-slider-image\" data-lazy=\"https:\/\/awagraz.org\/wp-content\/uploads\/2025\/12\/empty-1.png\"\/><\/div><div class=\"eb-slider-content align-left\" data-content-link=\"\" data-content-target=\"_self\"><h3 class=\"eb-slider-title\">For us, awareness means preventing discrimination and harassment.<\/h3><div class=\"eb-slider-button-wrapper\"><\/div><\/div><\/div><div class=\"eb-slider-item content-1\" data-src=\"https:\/\/awagraz.org\/wp-content\/uploads\/2025\/12\/empty-2.png\"><div><img class=\"eb-slider-image\" data-lazy=\"https:\/\/awagraz.org\/wp-content\/uploads\/2025\/12\/empty-2.png\"\/><\/div><div class=\"eb-slider-content align-left\" data-content-link=\"\" data-content-target=\"_self\"><h3 class=\"eb-slider-title\">For us, awareness means creating safer spaces.<\/h3><div class=\"eb-slider-button-wrapper\"><\/div><\/div><\/div><div class=\"eb-slider-item content-1\" data-src=\"https:\/\/awagraz.org\/wp-content\/uploads\/2025\/12\/empty-3.png\"><div><img class=\"eb-slider-image\" data-lazy=\"https:\/\/awagraz.org\/wp-content\/uploads\/2025\/12\/empty-3.png\"\/><\/div><div class=\"eb-slider-content align-left\" data-content-link=\"\" data-content-target=\"_self\"><h3 class=\"eb-slider-title\">For us, awareness means supporting people affected by violence.<\/h3><div class=\"eb-slider-button-wrapper\"><\/div><\/div><\/div><div class=\"eb-slider-item content-1\" data-src=\"https:\/\/awagraz.org\/wp-content\/uploads\/2025\/12\/empty-4.png\"><div><img class=\"eb-slider-image\" data-lazy=\"https:\/\/awagraz.org\/wp-content\/uploads\/2025\/12\/empty-4.png\"\/><\/div><div class=\"eb-slider-content align-left\" data-content-link=\"\" data-content-target=\"_self\"><h3 class=\"eb-slider-title\">For us, awareness means being aware of one\u2019s own privileges.<\/h3><div class=\"eb-slider-button-wrapper\"><\/div><\/div><\/div><div class=\"eb-slider-item content-1\" data-src=\"https:\/\/awagraz.org\/wp-content\/uploads\/2025\/12\/empty-5.png\"><div><img class=\"eb-slider-image\" data-lazy=\"https:\/\/awagraz.org\/wp-content\/uploads\/2025\/12\/empty-5.png\"\/><\/div><div class=\"eb-slider-content align-left\" data-content-link=\"\" data-content-target=\"_self\"><h3 class=\"eb-slider-title\">For us, awareness means reflecting on power imbalances.<\/h3><div class=\"eb-slider-button-wrapper\"><\/div><\/div><\/div><\/div><\/div><\/div><\/div>\n\n\n\n\n\n<div style=\"height:50px\" aria-hidden=\"true\" class=\"wp-block-spacer\"><\/div>\n\n\n\n<h2 class=\"wp-block-heading\" style=\"margin-bottom:0\">Do you need support?<\/h2>\n\n\n\n<div class=\"wp-block-ultimate-post-row ultp-block-1ab62a\"><div class=\"ultp-row-wrapper\"><div class=\"ultp-row-content\">\n<div class=\"wp-block-ultimate-post-column ultp-block-d14781\"><div class=\"ultp-column-wrapper\">\n<div class=\"wp-block-essential-blocks-infobox  root-eb-infobox-gdc0t\"><div class=\"eb-parent-wrapper eb-parent-eb-infobox-gdc0t\"><div class=\"eb-infobox-gdc0t eb-infobox-wrapper\" data-clickable=\"true\" data-href=\"\/ressourcen\" data-target=\"_self\"><div class=\"infobox-wrapper-inner\"><div class=\"contents-wrapper\"><h5 class=\"title\">You can find support centers in Graz and beyond here<\/h5><\/div><\/div><\/div><\/div><\/div>\n<\/div><\/div>\n\n\n\n<div class=\"wp-block-ultimate-post-column ultp-block-4eb0cc\"><div class=\"ultp-column-wrapper\">\n<div class=\"wp-block-essential-blocks-infobox  root-eb-infobox-u18ng\"><div class=\"eb-parent-wrapper eb-parent-eb-infobox-u18ng\"><div class=\"eb-infobox-u18ng eb-infobox-wrapper\" data-clickable=\"true\" data-href=\"\/kontakt\" data-target=\"_self\"><div class=\"infobox-wrapper-inner\"><div class=\"contents-wrapper\"><h5 class=\"title\">This is where you\u2019ll find our contact form.<\/h5><\/div><\/div><\/div><\/div><\/div>\n<\/div><\/div>\n<\/div><\/div><\/div>\n\n\n\n<hr class=\"wp-block-separator has-text-color has-ast-global-color-6-color has-alpha-channel-opacity has-ast-global-color-6-background-color has-background is-style-wide\" style=\"margin-top:var(--wp--preset--spacing--40);margin-bottom:var(--wp--preset--spacing--40)\"\/>\n\n\n\n<h2 class=\"wp-block-heading\" style=\"margin-bottom:0\">Values &amp; terms<\/h2>\n\n\n\n<div class=\"wp-block-ultimate-post-row ultp-block-cccd09\"><div class=\"ultp-row-wrapper\"><div class=\"ultp-row-content\">\n<div class=\"wp-block-ultimate-post-column ultp-block-8b11ea\"><div class=\"ultp-column-wrapper\">\n<div class=\"wp-block-essential-blocks-infobox  root-eb-infobox-43rhw\"><div class=\"eb-parent-wrapper eb-parent-eb-infobox-43rhw\"><div class=\"eb-infobox-43rhw eb-infobox-wrapper\" data-clickable=\"true\" data-href=\"\/ueber-uns\/grundsaetze\" data-target=\"_self\"><div class=\"infobox-wrapper-inner\"><div class=\"icon-img-wrapper\"><div class=\"eb-icon number-or-icon\"><i icon=\"fas fa-hand-holding-heart\" class=\"fas fa-hand-holding-heart eb-infobox-icon-data-selector\"><\/i><\/div><\/div><div class=\"contents-wrapper\"><p class=\"description\">Click here to find out more about our principles and how we work.<\/p><\/div><\/div><\/div><\/div><\/div>\n<\/div><\/div>\n\n\n\n<div class=\"wp-block-ultimate-post-column ultp-block-66e071\"><div class=\"ultp-column-wrapper\">\n<div class=\"wp-block-essential-blocks-infobox  root-eb-infobox-hjlgk\"><div class=\"eb-parent-wrapper eb-parent-eb-infobox-hjlgk\"><div class=\"eb-infobox-hjlgk eb-infobox-wrapper\" data-clickable=\"true\" data-href=\"\/glossar\" data-target=\"_self\"><div class=\"infobox-wrapper-inner\"><div class=\"icon-img-wrapper\"><div class=\"eb-icon number-or-icon\"><i icon=\"fas fa-info\" class=\"fas fa-info eb-infobox-icon-data-selector\"><\/i><\/div><\/div><div class=\"contents-wrapper\"><p class=\"description\">You come across a word on our site and aren\u2019t sure what it means?<br>Take a look at our glossary!<\/p><\/div><\/div><\/div><\/div><\/div>\n<\/div><\/div>\n<\/div><\/div><\/div>\n\n\n\n<hr class=\"wp-block-separator has-text-color has-ast-global-color-6-color has-alpha-channel-opacity has-ast-global-color-6-background-color has-background is-style-wide\" style=\"margin-top:var(--wp--preset--spacing--40);margin-bottom:var(--wp--preset--spacing--40)\"\/>\n\n\n\n<h2 class=\"wp-block-heading\" style=\"margin-bottom:0\">What we do<\/h2>\n\n\n\n<div class=\"wp-block-ultimate-post-row ultp-block-dc11e1\"><div class=\"ultp-row-wrapper\"><div class=\"ultp-row-content\">\n<div class=\"wp-block-ultimate-post-column ultp-block-62b87a\"><div class=\"ultp-column-wrapper\">\n<div class=\"wp-block-essential-blocks-infobox  root-eb-infobox-3x17v\"><div class=\"eb-parent-wrapper eb-parent-eb-infobox-3x17v\"><div class=\"eb-infobox-3x17v eb-infobox-wrapper\" data-clickable=\"true\" data-href=\"\/workshops\" data-target=\"_self\"><div class=\"infobox-wrapper-inner\"><div class=\"contents-wrapper\"><h5 class=\"title\">Workshops<\/h5><\/div><\/div><\/div><\/div><\/div>\n\n\n\n<div class=\"wp-block-essential-blocks-infobox  root-eb-infobox-9y39a\"><div class=\"eb-parent-wrapper eb-parent-eb-infobox-9y39a\"><div class=\"eb-infobox-9y39a eb-infobox-wrapper\" data-clickable=\"true\" data-href=\"\/workshops#basics\" data-target=\"_self\"><div class=\"infobox-wrapper-inner\"><div class=\"contents-wrapper\"><p class=\"description\">Awareness basics for shift teams<\/p><\/div><\/div><\/div><\/div><\/div>\n\n\n\n<div class=\"wp-block-essential-blocks-infobox  root-eb-infobox-2h8sq\"><div class=\"eb-parent-wrapper eb-parent-eb-infobox-2h8sq\"><div class=\"eb-infobox-2h8sq eb-infobox-wrapper\" data-clickable=\"true\" data-href=\"\/workshops#diskriminierung\" data-target=\"_self\"><div class=\"infobox-wrapper-inner\"><div class=\"contents-wrapper\"><p class=\"description\">Sensitivity to Discrimination<\/p><\/div><\/div><\/div><\/div><\/div>\n\n\n\n<div class=\"wp-block-essential-blocks-infobox  root-eb-infobox-15zbj\"><div class=\"eb-parent-wrapper eb-parent-eb-infobox-15zbj\"><div class=\"eb-infobox-15zbj eb-infobox-wrapper\" data-clickable=\"true\" data-href=\"\/workshops#101\" data-target=\"_self\"><div class=\"infobox-wrapper-inner\"><div class=\"contents-wrapper\"><p class=\"description\">Awareness 101 for rooms &amp; event organizers<\/p><\/div><\/div><\/div><\/div><\/div>\n\n\n\n<div class=\"wp-block-essential-blocks-infobox  root-eb-infobox-ssm2a\"><div class=\"eb-parent-wrapper eb-parent-eb-infobox-ssm2a\"><div class=\"eb-infobox-ssm2a eb-infobox-wrapper\" data-clickable=\"true\" data-href=\"\/workshops#individuell\" data-target=\"_self\"><div class=\"infobox-wrapper-inner\"><div class=\"contents-wrapper\"><p class=\"description\">Individual workshops<\/p><\/div><\/div><\/div><\/div><\/div>\n<\/div><\/div>\n\n\n\n<div class=\"wp-block-ultimate-post-column ultp-block-6d9702\"><div class=\"ultp-column-wrapper\">\n<div class=\"wp-block-essential-blocks-infobox  root-eb-infobox-aoyel\"><div class=\"eb-parent-wrapper eb-parent-eb-infobox-aoyel\"><div class=\"eb-infobox-aoyel eb-infobox-wrapper\" data-clickable=\"true\" data-href=\"\/strukturbegleitung\" data-target=\"_self\"><div class=\"infobox-wrapper-inner\"><div class=\"contents-wrapper\"><h5 class=\"title\">Structure monitoring<\/h5><p class=\"description\">Supporting initiatives in the development of awareness structures.<\/p><\/div><\/div><\/div><\/div><\/div>\n<\/div><\/div>\n\n\n\n<div class=\"wp-block-ultimate-post-column ultp-block-8130c7\"><div class=\"ultp-column-wrapper\">\n<div class=\"wp-block-essential-blocks-infobox  root-eb-infobox-ty0ve\"><div class=\"eb-parent-wrapper eb-parent-eb-infobox-ty0ve\"><div class=\"eb-infobox-ty0ve eb-infobox-wrapper\" data-clickable=\"true\" data-href=\"\/veranstaltungsbetreuung\" data-target=\"_self\"><div class=\"infobox-wrapper-inner\"><div class=\"contents-wrapper\"><h5 class=\"title\">Event support<\/h5><p class=\"description\">Support for events through concept development and on-site awareness teams.<\/p><\/div><\/div><\/div><\/div><\/div>\n<\/div><\/div>\n<\/div><\/div><\/div>\n\n\n\n<hr class=\"wp-block-separator has-text-color has-ast-global-color-6-color has-alpha-channel-opacity has-ast-global-color-6-background-color has-background is-style-wide\" style=\"margin-top:var(--wp--preset--spacing--50);margin-bottom:var(--wp--preset--spacing--50)\"\/>\n\n\n\n<script data-js='tribe-events-view-nonce-data' type='application\/json'>{\"tvn1\":\"f637b04027\",\"tvn2\":\"\"}<\/script>","protected":false},"excerpt":{"rendered":"<p>Du brauchst Unterst\u00fctzung? Werte &amp; Begriffe Was wir tun<\/p>","protected":false},"author":5,"featured_media":0,"parent":0,"menu_order":0,"comment_status":"closed","ping_status":"closed","template":"","meta":{"_acf_changed":false,"_eb_attr":"","site-sidebar-layout":"default","site-content-layout":"","ast-site-content-layout":"default","site-content-style":"default","site-sidebar-style":"default","ast-global-header-display":"","ast-banner-title-visibility":"","ast-main-header-display":"","ast-hfb-above-header-display":"","ast-hfb-below-header-display":"","ast-hfb-mobile-header-display":"","site-post-title":"disabled","ast-breadcrumbs-content":"","ast-featured-img":"","footer-sml-layout":"","ast-disable-related-posts":"","theme-transparent-header-meta":"","adv-header-id-meta":"","stick-header-meta":"","header-above-stick-meta":"","header-main-stick-meta":"","header-below-stick-meta":"","astra-migrate-meta-layouts":"default","ast-page-background-enabled":"default","ast-page-background-meta":{"desktop":{"background-color":"var(--ast-global-color-4)","background-image":"","background-repeat":"repeat","background-position":"center center","background-size":"auto","background-attachment":"scroll","background-type":"","background-media":"","overlay-type":"","overlay-color":"","overlay-opacity":"","overlay-gradient":""},"tablet":{"background-color":"","background-image":"","background-repeat":"repeat","background-position":"center center","background-size":"auto","background-attachment":"scroll","background-type":"","background-media":"","overlay-type":"","overlay-color":"","overlay-opacity":"","overlay-gradient":""},"mobile":{"background-color":"","background-image":"","background-repeat":"repeat","background-position":"center center","background-size":"auto","background-attachment":"scroll","background-type":"","background-media":"","overlay-type":"","overlay-color":"","overlay-opacity":"","overlay-gradient":""}},"ast-content-background-meta":{"desktop":{"background-color":"var(--ast-global-color-5)","background-image":"","background-repeat":"repeat","background-position":"center center","background-size":"auto","background-attachment":"scroll","background-type":"","background-media":"","overlay-type":"","overlay-color":"","overlay-opacity":"","overlay-gradient":""},"tablet":{"background-color":"var(--ast-global-color-5)","background-image":"","background-repeat":"repeat","background-position":"center center","background-size":"auto","background-attachment":"scroll","background-type":"","background-media":"","overlay-type":"","overlay-color":"","overlay-opacity":"","overlay-gradient":""},"mobile":{"background-color":"var(--ast-global-color-5)","background-image":"","background-repeat":"repeat","background-position":"center center","background-size":"auto","background-attachment":"scroll","background-type":"","background-media":"","overlay-type":"","overlay-color":"","overlay-opacity":"","overlay-gradient":""}},"_EventAllDay":false,"_EventTimezone":"","_EventStartDate":"","_EventEndDate":"","_EventStartDateUTC":"","_EventEndDateUTC":"","_EventShowMap":false,"_EventShowMapLink":false,"_EventURL":"","_EventCost":"","_EventCostDescription":"","_EventCurrencySymbol":"","_EventCurrencyCode":"","_EventCurrencyPosition":"","_EventDateTimeSeparator":"","_EventTimeRangeSeparator":"","_EventOrganizerID":[],"_EventVenueID":[],"_OrganizerEmail":"","_OrganizerPhone":"","_OrganizerWebsite":"","_VenueAddress":"","_VenueCity":"","_VenueCountry":"","_VenueProvince":"","_VenueState":"","_VenueZip":"","_VenuePhone":"","_VenueURL":"","_VenueStateProvince":"","_VenueLat":"","_VenueLng":"","_VenueShowMap":false,"_VenueShowMapLink":false,"footnotes":""},"class_list":["post-1590","page","type-page","status-publish","hentry"],"acf":[],"yoast_head":"<!-- This site is optimized with the Yoast SEO plugin v27.3 - https:\/\/yoast.com\/product\/yoast-seo-wordpress\/ -->\n<title>awaGraz - Verein f\u00fcr Awarenessarbeit<\/title>\n<meta name=\"description\" content=\"awaGraz setzt sich durch Bildungsarbeit und Veranstaltungsbetreuungen f\u00fcr Diskriminierungssensibilit\u00e4t und Achtsamkeit ein.\" \/>\n<meta name=\"robots\" content=\"index, follow, max-snippet:-1, max-image-preview:large, max-video-preview:-1\" \/>\n<link rel=\"canonical\" href=\"https:\/\/awagraz.org\/en\/\" \/>\n<meta property=\"og:locale\" content=\"en_US\" \/>\n<meta property=\"og:type\" content=\"article\" \/>\n<meta property=\"og:title\" content=\"awaGraz - Verein f\u00fcr Awarenessarbeit\" \/>\n<meta property=\"og:description\" content=\"awaGraz setzt sich durch Bildungsarbeit und Veranstaltungsbetreuungen f\u00fcr Diskriminierungssensibilit\u00e4t und Achtsamkeit ein.\" \/>\n<meta property=\"og:url\" content=\"https:\/\/awagraz.org\/en\/\" \/>\n<meta property=\"og:site_name\" content=\"awaGraz\" \/>\n<meta property=\"article:modified_time\" content=\"2025-12-14T18:04:05+00:00\" \/>\n<meta property=\"og:image\" content=\"https:\/\/awagraz.org\/wp-content\/uploads\/2026\/01\/awaGraz_Logo_bgPic.jpg\" \/>\n\t<meta property=\"og:image:width\" content=\"1920\" \/>\n\t<meta property=\"og:image:height\" content=\"1080\" \/>\n\t<meta property=\"og:image:type\" content=\"image\/jpeg\" \/>\n<meta name=\"twitter:card\" content=\"summary_large_image\" \/>\n<meta name=\"twitter:label1\" content=\"Est. reading time\" \/>\n\t<meta name=\"twitter:data1\" content=\"4 minutes\" \/>\n<script type=\"application\/ld+json\" class=\"yoast-schema-graph\">{\"@context\":\"https:\\\/\\\/schema.org\",\"@graph\":[{\"@type\":\"WebPage\",\"@id\":\"https:\\\/\\\/awagraz.org\\\/\",\"url\":\"https:\\\/\\\/awagraz.org\\\/\",\"name\":\"awaGraz - Verein f\u00fcr Awarenessarbeit\",\"isPartOf\":{\"@id\":\"https:\\\/\\\/awagraz.org\\\/#website\"},\"datePublished\":\"2025-10-06T17:03:56+00:00\",\"dateModified\":\"2025-12-14T18:04:05+00:00\",\"description\":\"awaGraz setzt sich durch Bildungsarbeit und Veranstaltungsbetreuungen f\u00fcr Diskriminierungssensibilit\u00e4t und Achtsamkeit ein.\",\"breadcrumb\":{\"@id\":\"https:\\\/\\\/awagraz.org\\\/#breadcrumb\"},\"inLanguage\":\"en-US\",\"potentialAction\":[{\"@type\":\"ReadAction\",\"target\":[\"https:\\\/\\\/awagraz.org\\\/\"]}]},{\"@type\":\"BreadcrumbList\",\"@id\":\"https:\\\/\\\/awagraz.org\\\/#breadcrumb\",\"itemListElement\":[{\"@type\":\"ListItem\",\"position\":1,\"name\":\"Startseite\",\"item\":\"https:\\\/\\\/awagraz.org\\\/\"},{\"@type\":\"ListItem\",\"position\":2,\"name\":\"awaGraz\"}]},{\"@type\":\"WebSite\",\"@id\":\"https:\\\/\\\/awagraz.org\\\/#website\",\"url\":\"https:\\\/\\\/awagraz.org\\\/\",\"name\":\"awaGraz\",\"description\":\"Verein f\u00fcr Awareness-Arbeit\",\"publisher\":{\"@id\":\"https:\\\/\\\/awagraz.org\\\/#organization\"},\"potentialAction\":[{\"@type\":\"SearchAction\",\"target\":{\"@type\":\"EntryPoint\",\"urlTemplate\":\"https:\\\/\\\/awagraz.org\\\/?s={search_term_string}\"},\"query-input\":{\"@type\":\"PropertyValueSpecification\",\"valueRequired\":true,\"valueName\":\"search_term_string\"}}],\"inLanguage\":\"en-US\"},{\"@type\":\"Organization\",\"@id\":\"https:\\\/\\\/awagraz.org\\\/#organization\",\"name\":\"awaGraz - Verein f\u00fcr Awarenessarbeit\",\"url\":\"https:\\\/\\\/awagraz.org\\\/\",\"logo\":{\"@type\":\"ImageObject\",\"inLanguage\":\"en-US\",\"@id\":\"https:\\\/\\\/awagraz.org\\\/#\\\/schema\\\/logo\\\/image\\\/\",\"url\":\"https:\\\/\\\/awagraz.org\\\/wp-content\\\/uploads\\\/2024\\\/01\\\/cropped-awaGraz_Wortmarke_schwarz-1.png\",\"contentUrl\":\"https:\\\/\\\/awagraz.org\\\/wp-content\\\/uploads\\\/2024\\\/01\\\/cropped-awaGraz_Wortmarke_schwarz-1.png\",\"width\":898,\"height\":122,\"caption\":\"awaGraz - Verein f\u00fcr Awarenessarbeit\"},\"image\":{\"@id\":\"https:\\\/\\\/awagraz.org\\\/#\\\/schema\\\/logo\\\/image\\\/\"},\"sameAs\":[\"https:\\\/\\\/www.instagram.com\\\/awa_graz\\\/\"]}]}<\/script>\n<!-- \/ Yoast SEO plugin. -->","yoast_head_json":{"title":"awaGraz - Verein f\u00fcr Awarenessarbeit","description":"awaGraz setzt sich durch Bildungsarbeit und Veranstaltungsbetreuungen f\u00fcr Diskriminierungssensibilit\u00e4t und Achtsamkeit ein.","robots":{"index":"index","follow":"follow","max-snippet":"max-snippet:-1","max-image-preview":"max-image-preview:large","max-video-preview":"max-video-preview:-1"},"canonical":"https:\/\/awagraz.org\/en\/","og_locale":"en_US","og_type":"article","og_title":"awaGraz - Verein f\u00fcr Awarenessarbeit","og_description":"awaGraz setzt sich durch Bildungsarbeit und Veranstaltungsbetreuungen f\u00fcr Diskriminierungssensibilit\u00e4t und Achtsamkeit ein.","og_url":"https:\/\/awagraz.org\/en\/","og_site_name":"awaGraz","article_modified_time":"2025-12-14T18:04:05+00:00","og_image":[{"width":1920,"height":1080,"url":"https:\/\/awagraz.org\/wp-content\/uploads\/2026\/01\/awaGraz_Logo_bgPic.jpg","type":"image\/jpeg"}],"twitter_card":"summary_large_image","twitter_misc":{"Est. reading time":"4 minutes"},"schema":{"@context":"https:\/\/schema.org","@graph":[{"@type":"WebPage","@id":"https:\/\/awagraz.org\/","url":"https:\/\/awagraz.org\/","name":"awaGraz - Verein f\u00fcr Awarenessarbeit","isPartOf":{"@id":"https:\/\/awagraz.org\/#website"},"datePublished":"2025-10-06T17:03:56+00:00","dateModified":"2025-12-14T18:04:05+00:00","description":"awaGraz setzt sich durch Bildungsarbeit und Veranstaltungsbetreuungen f\u00fcr Diskriminierungssensibilit\u00e4t und Achtsamkeit ein.","breadcrumb":{"@id":"https:\/\/awagraz.org\/#breadcrumb"},"inLanguage":"en-US","potentialAction":[{"@type":"ReadAction","target":["https:\/\/awagraz.org\/"]}]},{"@type":"BreadcrumbList","@id":"https:\/\/awagraz.org\/#breadcrumb","itemListElement":[{"@type":"ListItem","position":1,"name":"Startseite","item":"https:\/\/awagraz.org\/"},{"@type":"ListItem","position":2,"name":"awaGraz"}]},{"@type":"WebSite","@id":"https:\/\/awagraz.org\/#website","url":"https:\/\/awagraz.org\/","name":"awaGraz","description":"Verein f\u00fcr Awareness-Arbeit","publisher":{"@id":"https:\/\/awagraz.org\/#organization"},"potentialAction":[{"@type":"SearchAction","target":{"@type":"EntryPoint","urlTemplate":"https:\/\/awagraz.org\/?s={search_term_string}"},"query-input":{"@type":"PropertyValueSpecification","valueRequired":true,"valueName":"search_term_string"}}],"inLanguage":"en-US"},{"@type":"Organization","@id":"https:\/\/awagraz.org\/#organization","name":"awaGraz - Verein f\u00fcr Awarenessarbeit","url":"https:\/\/awagraz.org\/","logo":{"@type":"ImageObject","inLanguage":"en-US","@id":"https:\/\/awagraz.org\/#\/schema\/logo\/image\/","url":"https:\/\/awagraz.org\/wp-content\/uploads\/2024\/01\/cropped-awaGraz_Wortmarke_schwarz-1.png","contentUrl":"https:\/\/awagraz.org\/wp-content\/uploads\/2024\/01\/cropped-awaGraz_Wortmarke_schwarz-1.png","width":898,"height":122,"caption":"awaGraz - Verein f\u00fcr Awarenessarbeit"},"image":{"@id":"https:\/\/awagraz.org\/#\/schema\/logo\/image\/"},"sameAs":["https:\/\/www.instagram.com\/awa_graz\/"]}]}},"_links":{"self":[{"href":"https:\/\/awagraz.org\/en\/wp-json\/wp\/v2\/pages\/1590","targetHints":{"allow":["GET"]}}],"collection":[{"href":"https:\/\/awagraz.org\/en\/wp-json\/wp\/v2\/pages"}],"about":[{"href":"https:\/\/awagraz.org\/en\/wp-json\/wp\/v2\/types\/page"}],"author":[{"embeddable":true,"href":"https:\/\/awagraz.org\/en\/wp-json\/wp\/v2\/users\/5"}],"replies":[{"embeddable":true,"href":"https:\/\/awagraz.org\/en\/wp-json\/wp\/v2\/comments?post=1590"}],"version-history":[{"count":224,"href":"https:\/\/awagraz.org\/en\/wp-json\/wp\/v2\/pages\/1590\/revisions"}],"predecessor-version":[{"id":2686,"href":"https:\/\/awagraz.org\/en\/wp-json\/wp\/v2\/pages\/1590\/revisions\/2686"}],"wp:attachment":[{"href":"https:\/\/awagraz.org\/en\/wp-json\/wp\/v2\/media?parent=1590"}],"curies":[{"name":"wp","href":"https:\/\/api.w.org\/{rel}","templated":true}]}}